{"id":36,"date":"2016-07-19T23:31:48","date_gmt":"2016-07-19T23:31:48","guid":{"rendered":"http:\/\/kristiinetk.ee\/en\/?page_id=36"},"modified":"2016-07-20T00:29:19","modified_gmt":"2016-07-20T00:29:19","slug":"frontpage","status":"publish","type":"page","link":"https:\/\/kristiinetk.ee\/en\/","title":{"rendered":"Avaleht"},"content":{"rendered":"<h1>Meie asukohad\u00a0ja kontaktid<\/h1>\n<h2>S\u00f5pruse puiestee 5, 10615 Tallinn<\/h2>\n<ul>\n<li>\u00dcldtelefon: 651 2703<br \/>\nMeie juurde toovad Koskla petusesse:<br \/>\nTrollid: 2, 3, 4, 9<br \/>\nBussid: 17, 23<\/li>\n<li>Avatud:<br \/>\nE 9:00-18:00<br \/>\nT-N 9:00-17:00<br \/>\nR 9:00-16:00<\/li>\n<li>Ratastooli ja lapsevankriga p\u00e4\u00e4seb Kristiine Tegevuskeskuse 0-korrusele Koskla t\u00e4navalt (laste p\u00e4evakeskuse uks) ja I korrusele sise\u00f5ue poolt maja keskelt<\/li>\n<\/ul>\n<p><iframe loading=\"lazy\" data-style=\"border: 0;\" src=\"https:\/\/www.google.com\/maps\/embed?pb=!1m18!1m12!1m3!1d2029.4217001019877!2d24.717385751847164!3d59.426041110216474!2m3!1f0!2f0!3f0!3m2!1i1024!2i768!4f13.1!3m3!1m2!1s0x4692948fac2e15a1%3A0xeae881718a85ad45!2sS%C3%B5pruse+puiestee+5%2C+10615+Tallinn!5e0!3m2!1sen!2see!4v1468973608541\" width=\"900\" height=\"600\" frameborder=\"0\" allowfullscreen=\"allowfullscreen\"><\/iframe><\/p>\n<h2>Energia 13, 11316 Tallinn<\/h2>\n<ul>\n<li>\u00dcldtelefon: 655 4187; 53035250Meie juurde toovad:<br \/>\nBussid: nr 23 peatusse Energia ja nr 61 peatusse J\u00e4rve haigla<\/li>\n<\/ul>\n<p><iframe loading=\"lazy\" src=\"https:\/\/www.google.com\/maps\/embed?pb=!1m18!1m12!1m3!1d2031.168642906785!2d24.71307565184632!3d59.396898812554895!2m3!1f0!2f0!3f0!3m2!1i1024!2i768!4f13.1!3m3!1m2!1s0x469294e09a1322fd%3A0xfeefd6fa31429d43!2sEnergia+13%2C+11316+Tallinn!5e0!3m2!1sen!2see!4v1468973826401\" width=\"900\" height=\"600\" frameborder=\"0\" data-style=\"border:0\" allowfullscreen><\/iframe><\/p>\n","protected":false},"excerpt":{"rendered":"<p>Meie asukohad\u00a0ja kontaktid S\u00f5pruse puiestee 5, 10615 Tallinn \u00dcldtelefon: 651 2703 Meie juurde toovad Koskla petusesse: Trollid: 2, 3, 4, 9 Bussid: 17, 23 Avatud: E 9:00-18:00 T-N 9:00-17:00 R 9:00-16:00 Ratastooli ja lapsevankriga p\u00e4\u00e4seb Kristiine Tegevuskeskuse 0-korrusele Koskla t\u00e4navalt (laste p\u00e4evakeskuse uks) ja I korrusele sise\u00f5ue poolt maja keskelt Energia 13, 11316 Tallinn \u00dcldtelefon: &hellip; <a class=\"read-more\" style=\"color:#00a4a2\" href=\"https:\/\/kristiinetk.ee\/en\/\">Read more ><\/a><\/p>\n","protected":false},"author":1,"featured_media":0,"parent":0,"menu_order":0,"comment_status":"closed","ping_status":"closed","template":"page-home.php","meta":{"_acf_changed":false,"jetpack_post_was_ever_published":false,"footnotes":""},"class_list":["post-36","page","type-page","status-publish","hentry"],"acf":[],"jetpack_sharing_enabled":true,"jetpack_shortlink":"https:\/\/wp.me\/P7TB5s-A","_links":{"self":[{"href":"https:\/\/kristiinetk.ee\/en\/wp-json\/wp\/v2\/pages\/36"}],"collection":[{"href":"https:\/\/kristiinetk.ee\/en\/wp-json\/wp\/v2\/pages"}],"about":[{"href":"https:\/\/kristiinetk.ee\/en\/wp-json\/wp\/v2\/types\/page"}],"author":[{"embeddable":true,"href":"https:\/\/kristiinetk.ee\/en\/wp-json\/wp\/v2\/users\/1"}],"replies":[{"embeddable":true,"href":"https:\/\/kristiinetk.ee\/en\/wp-json\/wp\/v2\/comments?post=36"}],"version-history":[{"count":2,"href":"https:\/\/kristiinetk.ee\/en\/wp-json\/wp\/v2\/pages\/36\/revisions"}],"predecessor-version":[{"id":82,"href":"https:\/\/kristiinetk.ee\/en\/wp-json\/wp\/v2\/pages\/36\/revisions\/82"}],"wp:attachment":[{"href":"https:\/\/kristiinetk.ee\/en\/wp-json\/wp\/v2\/media?parent=36"}],"curies":[{"name":"wp","href":"https:\/\/api.w.org\/{rel}","templated":true}]}}